{"id":3133,"date":"2023-05-11T11:09:45","date_gmt":"2023-05-11T15:09:45","guid":{"rendered":"https:\/\/bosch.switch.makemagik.com\/tarjeta-de-servicio\/"},"modified":"2024-04-04T15:47:51","modified_gmt":"2024-04-04T19:47:51","slug":"tarjeta-de-servicio","status":"publish","type":"page","link":"https:\/\/bosch.globalexcel.com\/es\/tarjeta-de-servicio\/","title":{"rendered":"Tarjeta de servicio"},"content":{"rendered":"\t\t<div data-elementor-type=\"wp-page\" data-elementor-id=\"3133\" class=\"elementor elementor-3133 elementor-2824\" data-elementor-post-type=\"page\">\n\t\t\t\t<div class=\"elementor-element elementor-element-65a3a47 e-flex e-con-boxed e-con e-parent\" data-id=\"65a3a47\" data-element_type=\"container\" data-e-type=\"container\" data-settings=\"{&quot;background_background&quot;:&quot;classic&quot;}\">\n\t\t\t\t\t<div class=\"e-con-inner\">\n\t\t\t\t<div class=\"elementor-element elementor-element-74d447a elementor-widget elementor-widget-heading\" data-id=\"74d447a\" data-element_type=\"widget\" data-e-type=\"widget\" data-widget_type=\"heading.default\">\n\t\t\t\t<div class=\"elementor-widget-container\">\n\t\t\t\t\t<h1 class=\"elementor-heading-title elementor-size-default\">Tarjeta de servicio<\/h1>\t\t\t\t<\/div>\n\t\t\t\t<\/div>\n\t\t\t\t\t<\/div>\n\t\t\t\t<\/div>\n\t\t<div class=\"elementor-element elementor-element-da69158 e-flex e-con-boxed e-con e-parent\" data-id=\"da69158\" data-element_type=\"container\" data-e-type=\"container\">\n\t\t\t\t\t<div class=\"e-con-inner\">\n\t\t\t\t<div class=\"elementor-element elementor-element-16dee9f elementor-widget elementor-widget-heading\" data-id=\"16dee9f\" data-element_type=\"widget\" data-e-type=\"widget\" data-widget_type=\"heading.default\">\n\t\t\t\t<div class=\"elementor-widget-container\">\n\t\t\t\t\t<h2 class=\"elementor-heading-title elementor-size-default\">Dentro de las redes m\u00e9dicas AETNA y CVS, no tendr\u00e1 que pagar ninguna consulta por s\u00ed mismo.<\/h2>\t\t\t\t<\/div>\n\t\t\t\t<\/div>\n\t\t\t\t<div class=\"elementor-element elementor-element-a50669c elementor-widget elementor-widget-text-editor\" data-id=\"a50669c\" data-element_type=\"widget\" data-e-type=\"widget\" data-widget_type=\"text-editor.default\">\n\t\t\t\t<div class=\"elementor-widget-container\">\n\t\t\t\t\t\t\t\t\t<div class=\"wpb_text_column wpb_content_element \">\n<div class=\"wpb_wrapper\">\n<p>Por lo tanto, presente su tarjeta de seguro a su proveedor de servicios m\u00e9dicos (m\u00e9dicos, hospitales) y mencione que la red es Aetna Passport to Healthcare (tambi\u00e9n conocida como Aetna Global PPO). Una vez presentada la tarjeta, el consultorio del proveedor se pondr\u00e1 en contacto con GEM para obtener detalles adicionales y verificaci\u00f3n. <\/p>\n<h3><strong>Por favor, presente la tarjeta en cada visita y tratamiento.<\/strong><\/h3>\n<p>Es importante llevar la tarjeta del seguro con usted en todo momento. La tarjeta tiene informaci\u00f3n importante en el reverso que permite a los proveedores m\u00e9dicos dirigir sus reclamaciones a Global Excel Management para su tramitaci\u00f3n. Si la tarjeta del seguro no se presenta al proveedor m\u00e9dico, las facturas y los recordatorios se le enviar\u00e1n directamente a usted.  <\/p>\n<\/div>\n<\/div>\n\t\t\t\t\t\t\t\t<\/div>\n\t\t\t\t<\/div>\n\t\t<div class=\"elementor-element elementor-element-758fce1 e-flex e-con-boxed e-con e-child\" data-id=\"758fce1\" data-element_type=\"container\" data-e-type=\"container\">\n\t\t\t\t\t<div class=\"e-con-inner\">\n\t\t<div class=\"elementor-element elementor-element-afffe59 e-con-full e-flex e-con e-child\" data-id=\"afffe59\" data-element_type=\"container\" data-e-type=\"container\" data-settings=\"{&quot;background_background&quot;:&quot;classic&quot;}\">\n\t\t\t\t<div class=\"elementor-element elementor-element-8bdb0f8 elementor-invisible elementor-widget elementor-widget-image\" data-id=\"8bdb0f8\" data-element_type=\"widget\" data-e-type=\"widget\" data-settings=\"{&quot;_animation&quot;:&quot;fadeInLeft&quot;}\" data-widget_type=\"image.default\">\n\t\t\t\t<div class=\"elementor-widget-container\">\n\t\t\t\t\t\t\t\t\t\t\t\t\t\t\t\t<a href=\"https:\/\/bosch.globalexcel.com\/wp-content\/uploads\/recto.jpg\" data-elementor-open-lightbox=\"yes\" data-elementor-lightbox-title=\"recto\" data-e-action-hash=\"#elementor-action%3Aaction%3Dlightbox%26settings%3DeyJpZCI6MzM4MiwidXJsIjoiaHR0cHM6XC9cL2Jvc2NoLmdsb2JhbGV4Y2VsLmNvbVwvd3AtY29udGVudFwvdXBsb2Fkc1wvcmVjdG8uanBnIn0%3D\">\n\t\t\t\t\t\t\t<img fetchpriority=\"high\" decoding=\"async\" width=\"1710\" height=\"1077\" src=\"https:\/\/bosch.globalexcel.com\/wp-content\/uploads\/recto.jpg\" class=\"attachment-large size-large wp-image-3382\" alt=\"\" srcset=\"https:\/\/bosch.globalexcel.com\/wp-content\/uploads\/recto.jpg 1710w, https:\/\/bosch.globalexcel.com\/wp-content\/uploads\/recto-768x484.jpg 768w, https:\/\/bosch.globalexcel.com\/wp-content\/uploads\/recto-1536x967.jpg 1536w\" sizes=\"(max-width: 1710px) 100vw, 1710px\" \/>\t\t\t\t\t\t\t\t<\/a>\n\t\t\t\t\t\t\t\t\t\t\t\t\t\t\t<\/div>\n\t\t\t\t<\/div>\n\t\t\t\t<div class=\"elementor-element elementor-element-cec8ce8 elementor-widget elementor-widget-text-editor\" data-id=\"cec8ce8\" data-element_type=\"widget\" data-e-type=\"widget\" data-widget_type=\"text-editor.default\">\n\t\t\t\t<div class=\"elementor-widget-container\">\n\t\t\t\t\t\t\t\t\t<p><em>Anverso<\/em><\/p>\n\t\t\t\t\t\t\t\t<\/div>\n\t\t\t\t<\/div>\n\t\t\t\t<\/div>\n\t\t<div class=\"elementor-element elementor-element-1938b7e e-con-full e-flex e-con e-child\" data-id=\"1938b7e\" data-element_type=\"container\" data-e-type=\"container\" data-settings=\"{&quot;background_background&quot;:&quot;classic&quot;}\">\n\t\t\t\t<div class=\"elementor-element elementor-element-d426245 elementor-invisible elementor-widget elementor-widget-image\" data-id=\"d426245\" data-element_type=\"widget\" data-e-type=\"widget\" data-settings=\"{&quot;_animation&quot;:&quot;fadeInLeft&quot;}\" data-widget_type=\"image.default\">\n\t\t\t\t<div class=\"elementor-widget-container\">\n\t\t\t\t\t\t\t\t\t\t\t\t\t\t\t\t<a href=\"https:\/\/bosch.globalexcel.com\/wp-content\/uploads\/verso.jpg\" data-elementor-open-lightbox=\"yes\" data-elementor-lightbox-title=\"verso\" data-e-action-hash=\"#elementor-action%3Aaction%3Dlightbox%26settings%3DeyJpZCI6MzM4NSwidXJsIjoiaHR0cHM6XC9cL2Jvc2NoLmdsb2JhbGV4Y2VsLmNvbVwvd3AtY29udGVudFwvdXBsb2Fkc1wvdmVyc28uanBnIn0%3D\">\n\t\t\t\t\t\t\t<img decoding=\"async\" width=\"1710\" height=\"1077\" src=\"https:\/\/bosch.globalexcel.com\/wp-content\/uploads\/verso.jpg\" class=\"attachment-large size-large wp-image-3385\" alt=\"\" srcset=\"https:\/\/bosch.globalexcel.com\/wp-content\/uploads\/verso.jpg 1710w, https:\/\/bosch.globalexcel.com\/wp-content\/uploads\/verso-768x484.jpg 768w, https:\/\/bosch.globalexcel.com\/wp-content\/uploads\/verso-1536x967.jpg 1536w\" sizes=\"(max-width: 1710px) 100vw, 1710px\" \/>\t\t\t\t\t\t\t\t<\/a>\n\t\t\t\t\t\t\t\t\t\t\t\t\t\t\t<\/div>\n\t\t\t\t<\/div>\n\t\t\t\t<div class=\"elementor-element elementor-element-e657e22 elementor-widget elementor-widget-text-editor\" data-id=\"e657e22\" data-element_type=\"widget\" data-e-type=\"widget\" data-widget_type=\"text-editor.default\">\n\t\t\t\t<div class=\"elementor-widget-container\">\n\t\t\t\t\t\t\t\t\t<p><em>Reverso<\/em><\/p>\n\t\t\t\t\t\t\t\t<\/div>\n\t\t\t\t<\/div>\n\t\t\t\t<\/div>\n\t\t\t\t\t<\/div>\n\t\t\t\t<\/div>\n\t\t\t\t\t<\/div>\n\t\t\t\t<\/div>\n\t\t\t\t<\/div>\n\t\t","protected":false},"excerpt":{"rendered":"<p>Tarjeta de servicio Dentro de las redes m\u00e9dicas AETNA y CVS, no tendr\u00e1 que pagar ninguna consulta por s\u00ed mismo. Por lo tanto, presente su tarjeta de seguro a su proveedor de servicios m\u00e9dicos (m\u00e9dicos, hospitales) y mencione que la red es Aetna Passport to Healthcare (tambi\u00e9n conocida como Aetna Global PPO). Una vez presentada [&hellip;]<\/p>\n","protected":false},"author":3,"featured_media":0,"parent":0,"menu_order":0,"comment_status":"closed","ping_status":"closed","template":"","meta":{"inline_featured_image":false,"footnotes":""},"class_list":["post-3133","page","type-page","status-publish","hentry"],"_links":{"self":[{"href":"https:\/\/bosch.globalexcel.com\/es\/wp-json\/wp\/v2\/pages\/3133","targetHints":{"allow":["GET"]}}],"collection":[{"href":"https:\/\/bosch.globalexcel.com\/es\/wp-json\/wp\/v2\/pages"}],"about":[{"href":"https:\/\/bosch.globalexcel.com\/es\/wp-json\/wp\/v2\/types\/page"}],"author":[{"embeddable":true,"href":"https:\/\/bosch.globalexcel.com\/es\/wp-json\/wp\/v2\/users\/3"}],"replies":[{"embeddable":true,"href":"https:\/\/bosch.globalexcel.com\/es\/wp-json\/wp\/v2\/comments?post=3133"}],"version-history":[{"count":6,"href":"https:\/\/bosch.globalexcel.com\/es\/wp-json\/wp\/v2\/pages\/3133\/revisions"}],"predecessor-version":[{"id":3397,"href":"https:\/\/bosch.globalexcel.com\/es\/wp-json\/wp\/v2\/pages\/3133\/revisions\/3397"}],"wp:attachment":[{"href":"https:\/\/bosch.globalexcel.com\/es\/wp-json\/wp\/v2\/media?parent=3133"}],"curies":[{"name":"wp","href":"https:\/\/api.w.org\/{rel}","templated":true}]}}